{"id":1820,"date":"2015-03-31T15:43:32","date_gmt":"2015-03-31T15:43:32","guid":{"rendered":"http:\/\/testing.iusolutions.com\/?page_id=1820"},"modified":"2020-08-12T16:10:39","modified_gmt":"2020-08-12T19:10:39","slug":"empresa","status":"publish","type":"page","link":"http:\/\/testing.iusolutions.com\/en\/empresa\/","title":{"rendered":"Our Company"},"content":{"rendered":"<p><\/p>\n<h1>More than 30 years of experience in the market.<\/h1>\n<p>&nbsp;<\/p>\n<p><img loading=\"lazy\" class=\"alignleft wp-image-5547 size-full\" src=\"\/wp-content\/themes\/Chameleon-child\/images\/ft-empresa1.jpg\" alt=\"WITH 30 YEARS OF EXPERIENCE IN THE MARKET, IUSOLUTIONS WORKS AS EXTERNAL ADVISOR FOR INSURANCE COMPANIES. WE PROVIDE SERVICES FOR LIFE INSURANCE, GENERAL INSURANCE, PRIVATE BANKING AND FINANCIAL AREAS.\" width=\"275\" height=\"200\" \/><\/p>\n<h4 class=\"naranja\">&#8220;WITH 30 YEARS OF EXPERIENCE IN THE MARKET, IUSOLUTIONS WORKS AS EXTERNAL ADVISOR FOR INSURANCE COMPANIES.<\/h4>\n<h4 class=\"naranja\">WE PROVIDE SERVICES FOR LIFE INSURANCE, GENERAL INSURANCE, PRIVATE BANKING AND FINANCIAL AREAS.&#8221;<\/h4>\n<p><br clear=\"all\" \/><img loading=\"lazy\" class=\"alignleft wp-image-5548 size-full\" src=\"\/wp-content\/themes\/Chameleon-child\/images\/ft-empresa2.jpg\" alt=\"We lead the segment of life insurance in Latin America\" width=\"275\" height=\"200\" \/><\/p>\n<h3 class=\"azul\">We lead the segment of life insurance in Latin America.<\/h3>\n<p class=\"azul\">Our staff is trained in handling interpersonal relations, sociometric techniques, field research and qualitative surveys.<br \/>\nWe provide services in different languages, through telephone interviews.<\/p>\n<p>Our exclusive online system offers our customers an efficient, fluid and safe management of the information 24 hours a day.<\/p>\n<p>&nbsp;<\/p>","protected":false},"excerpt":{"rendered":"<p>Trabajamos como asesores externos de las compa\u00f1\u00edas de seguros y contamos con m\u00e1s de 20 a\u00f1os de experiencia en el mercado. Brindamos servicios para las \u00e1reas de seguros de vida, seguros generales, banca privada y financieros.<\/p>\n","protected":false},"author":40,"featured_media":0,"parent":0,"menu_order":0,"comment_status":"open","ping_status":"open","template":"page-full.php","meta":[],"_links":{"self":[{"href":"http:\/\/testing.iusolutions.com\/en\/wp-json\/wp\/v2\/pages\/1820"}],"collection":[{"href":"http:\/\/testing.iusolutions.com\/en\/wp-json\/wp\/v2\/pages"}],"about":[{"href":"http:\/\/testing.iusolutions.com\/en\/wp-json\/wp\/v2\/types\/page"}],"author":[{"embeddable":true,"href":"http:\/\/testing.iusolutions.com\/en\/wp-json\/wp\/v2\/users\/40"}],"replies":[{"embeddable":true,"href":"http:\/\/testing.iusolutions.com\/en\/wp-json\/wp\/v2\/comments?post=1820"}],"version-history":[{"count":48,"href":"http:\/\/testing.iusolutions.com\/en\/wp-json\/wp\/v2\/pages\/1820\/revisions"}],"predecessor-version":[{"id":8798,"href":"http:\/\/testing.iusolutions.com\/en\/wp-json\/wp\/v2\/pages\/1820\/revisions\/8798"}],"wp:attachment":[{"href":"http:\/\/testing.iusolutions.com\/en\/wp-json\/wp\/v2\/media?parent=1820"}],"curies":[{"name":"wp","href":"https:\/\/api.w.org\/{rel}","templated":true}]}}