{"id":1820,"date":"2015-03-31T15:43:32","date_gmt":"2015-03-31T15:43:32","guid":{"rendered":"http:\/\/testing.iusolutions.com\/?page_id=1820"},"modified":"2020-08-12T16:10:39","modified_gmt":"2020-08-12T19:10:39","slug":"empresa","status":"publish","type":"page","link":"http:\/\/testing.iusolutions.com\/pt\/empresa\/","title":{"rendered":"Nossa empresa"},"content":{"rendered":"<p><\/p>\n<h1>Com mais de 30 anos de experi\u00e9ncia no mercado.<\/h1>\n<p><img loading=\"lazy\" class=\"alignleft wp-image-5547 size-full\" src=\"\/wp-content\/themes\/Chameleon-child\/images\/ft-empresa1.jpg\" alt=\"IUSOLUTIONS TRABALHA COMO ASSESSOR EXTERNO DE COMPANHIAS DE SEGURO, COM 30 ANOS DE EXPERI\u00caNCIA NO MERCADO\" width=\"275\" height=\"200\" \/><\/p>\n<h4 class=\"naranja\">&#8220;IUSOLUTIONS TRABALHA COMO ASSESSOR EXTERNO DE COMPANHIAS DE SEGURO, COM 30 ANOS DE EXPERI\u00caNCIA NO\u00a0MERCADO.<\/h4>\n<h4 class=\"naranja\">OFERECEMOS SERVI\u00c7OS PARA \u00c1REAS DE SEGUROS DE VIDA, SEGUROS GERAIS, BANCA PRIVADA E FINANCEIROS&#8221;<\/h4>\n<p><br clear=\"all\" \/><img loading=\"lazy\" class=\"alignleft wp-image-5548 size-full\" src=\"\/wp-content\/themes\/Chameleon-child\/images\/ft-empresa2.jpg\" alt=\"Lideramos o segmento de seguros de vida de Am\u00e9rica L\u00e1tina\" width=\"275\" height=\"200\" \/><\/p>\n<h3 class=\"azul\">Lideramos o segmento de seguros de vida na Am\u00e9rica L\u00e1tina.<\/h3>\n<p class=\"azul\">Nossa equipe est\u00e1 treinada para o gerenciamento de rela\u00e7\u00f5es interpessoais, t\u00e9cnicas sociom\u00e9tricas, pesquisa de campo e pesquisas qualitativas.<br \/>\nOferecemos atendimento em diferentes idiomas, atrav\u00e9s de entrevistas por telefone.<\/p>\n<p>Nosso exclusivo sistema online oferece a nossos clientes um gerenciamento de informa\u00e7\u00e3o com fluidez, eficiente, e seguro, 24 horas por dia.<\/p>","protected":false},"excerpt":{"rendered":"<p>Trabajamos como asesores externos de las compa\u00f1\u00edas de seguros y contamos con m\u00e1s de 20 a\u00f1os de experiencia en el mercado. Brindamos servicios para las \u00e1reas de seguros de vida, seguros generales, banca privada y financieros.<\/p>\n","protected":false},"author":40,"featured_media":0,"parent":0,"menu_order":0,"comment_status":"open","ping_status":"open","template":"page-full.php","meta":[],"_links":{"self":[{"href":"http:\/\/testing.iusolutions.com\/pt\/wp-json\/wp\/v2\/pages\/1820"}],"collection":[{"href":"http:\/\/testing.iusolutions.com\/pt\/wp-json\/wp\/v2\/pages"}],"about":[{"href":"http:\/\/testing.iusolutions.com\/pt\/wp-json\/wp\/v2\/types\/page"}],"author":[{"embeddable":true,"href":"http:\/\/testing.iusolutions.com\/pt\/wp-json\/wp\/v2\/users\/40"}],"replies":[{"embeddable":true,"href":"http:\/\/testing.iusolutions.com\/pt\/wp-json\/wp\/v2\/comments?post=1820"}],"version-history":[{"count":48,"href":"http:\/\/testing.iusolutions.com\/pt\/wp-json\/wp\/v2\/pages\/1820\/revisions"}],"predecessor-version":[{"id":8798,"href":"http:\/\/testing.iusolutions.com\/pt\/wp-json\/wp\/v2\/pages\/1820\/revisions\/8798"}],"wp:attachment":[{"href":"http:\/\/testing.iusolutions.com\/pt\/wp-json\/wp\/v2\/media?parent=1820"}],"curies":[{"name":"wp","href":"https:\/\/api.w.org\/{rel}","templated":true}]}}