{"id":1823,"date":"2015-03-31T15:52:53","date_gmt":"2015-03-31T15:52:53","guid":{"rendered":"http:\/\/testing.iusolutions.com\/?page_id=1823"},"modified":"2020-09-15T12:19:02","modified_gmt":"2020-09-15T15:19:02","slug":"servicios","status":"publish","type":"page","link":"http:\/\/testing.iusolutions.com\/pt\/servicios\/","title":{"rendered":"Servi\u00e7os"},"content":{"rendered":"<p><\/p>\n<table class=\"faq-services\" border=\"0\" width=\"100%\" cellspacing=\"0\" cellpadding=\"0\">\n<tbody>\n<tr>\n<td><div class='et-learn-more clearfix'>\r\n\t\t\t\t\t<h3 class='heading-more'>:: RELAT\u00d3RIOS DE INSPE\u00c7\u00c3O<span class='et_learnmore_arrow'><span><\/span><\/span><\/h3>\r\n\t\t\t\t\t<div class='learn-more-content'><h3 class=\"azul\">Inspection Report<\/h3>\n<p>Entrevistas por telefone. S\u00e3o pesquisas qualitativas para an\u00e1lise de risco de Seguros de Vida.\nAbrangem toda a informa\u00e7\u00e3o pessoal do segurado proposto, desde seu perfil de trabalho, economico e patrimonial, at\u00e9 seus h\u00e1bitos e antecedentes m\u00e9dicos. S\u00e3o detalhados fatores de risco laboral, v\u00edcios e pr\u00e1ticas cotidianas como viagens e esportes de risco.<\/p>\n<h3 class=\"azul\">Inspection Report \u2013 Reduzido<\/h3>\n<p>\u00c9 uma pesquisa que abrange apenas informa\u00e7\u00f5es b\u00e1sicas sobre o segurado proposto. \u00c9 uma alternativa econ\u00f4mica para seguros de montantes baixos.<\/p><\/div>\r\n\t\t\t\t<\/div><\/p>\n<div class='et-learn-more clearfix'>\r\n\t\t\t\t\t<h3 class='heading-more'>:: TMU | TELE-MED UNDERWRITING<span class='et_learnmore_arrow'><span><\/span><\/span><\/h3>\r\n\t\t\t\t\t<div class='learn-more-content'><p>\u00a1Acelera el proceso de suscripci\u00f3n!<\/p>\n<p>&#8211; Coordinamos videoconferencias v\u00eda Webex con el cliente (y si se desea) con su agente \/productor.<\/p>\n<p>&#8211; Verificamos por c\u00e1mara su identidad y debe mostrar su pasaporte y\/o ID.<\/p>\n<p>&#8211; Le ense\u00f1amos la aplicaci\u00f3n original ya completada al cliente para mayor confianza y empat\u00eda, y verificamos todos los datos proporcionados.<\/p>\n<p>&#8211; Medical Aplication. Cobertura total m\u00e9dica, powered by <b>IBU Inc<\/b>.<\/p>\n<p>&#8211; Realizamos un Background Check.<\/p><\/div>\r\n\t\t\t\t<\/div>\n<div class='et-learn-more clearfix'>\r\n\t\t\t\t\t<h3 class='heading-more'>:: BACKGROUND CHECK<span class='et_learnmore_arrow'><span><\/span><\/span><\/h3>\r\n\t\t\t\t\t<div class='learn-more-content'><p>Para fundos de coberturas baixos, que n\u00e3o tem um relat\u00f3rio de acordo com as tabelas de requisitos, disponibilizamos a possibilidade de realizar relat\u00f3rios sem entrevistas, incluindo um background check e consultando fontes p\u00fablicas e privadas de antecedentes.<\/p><\/div>\r\n\t\t\t\t<\/div>\n<div class='et-learn-more clearfix'>\r\n\t\t\t\t\t<h3 class='heading-more'>:: RELAT\u00d3RIOS DE ATEN\u00c7\u00c3O AO CLIENTE<span class='et_learnmore_arrow'><span><\/span><\/span><\/h3>\r\n\t\t\t\t\t<div class='learn-more-content'><p>Um informe completo que permite determinar o n\u00edvel de satisfa\u00e7\u00e3o do segurado a respeito da aten\u00e7\u00e3o e servi\u00e7os recebidos durante a gest\u00e3o de seu seguro: a qualidade do relacionamento com seu agente e \u00e1rea m\u00e9dica, forma e facilidades de pagamento que lhes foram oferecidos, sua satistafa\u00e7\u00e3o com o seguro contratado, entre outras quest\u00f5es.<\/p><\/div>\r\n\t\t\t\t<\/div>\n<div class='et-learn-more clearfix'>\r\n\t\t\t\t\t<h3 class='heading-more'>:: INSPE\u00c7\u00c3O PARA O FUTURO AGENTE<span class='et_learnmore_arrow'><span><\/span><\/span><\/h3>\r\n\t\t\t\t\t<div class='learn-more-content'><p>Avalia\u00e7\u00e3o de atitudes e background de um candidato a agente. Da mesma maneira que um Inspection Report, este relat\u00f3rio ofrece um perfil completo da pessoa que sua empresa planeja contratar. Al\u00e9m das informa\u00e7\u00f5es pessoais, detalha suas experi\u00eancias em trabalhos anteriores, as somas seguradas como agente, refer\u00e9ncias dentro do mercado e verifica a existencia de queixas ou den\u00fancias por parte de clientes ou empregadores.<\/p><\/div>\r\n\t\t\t\t<\/div><\/td>\n<td align=\"right\" valign=\"top\"><img loading=\"lazy\" class=\"alignnone size-full wp-image-5549\" src=\"\/wp-content\/themes\/Chameleon-child\/images\/ft-servicios1.jpg\" alt=\"Servi\u00e7os\" width=\"275\" height=\"200\" \/><br \/>\n<br \/>\n<img loading=\"lazy\" class=\"alignnone wp-image-5550 size-full\" src=\"\/wp-content\/uploads\/ft-servicios2.jpg\" alt=\"IUSolutions Services\" width=\"275\" height=\"200\" \/><\/td>\n<\/tr>\n<\/tbody>\n<\/table>\n<div class=\"et-box et-shadow\">\n<div class=\"et-box-content\">\n<h3 class=\"naranja\">Oferecemos um servi\u00e7o exclusivo de INTRANET para solicitar relat\u00f3rios, realizar um acompanhamento dos mesmos e intercambiar informa\u00e7\u00f5es de uma maneira r\u00e1pida e segura.<\/h3>\n<\/div>\n<\/div>\n<h4 align=\"center\"><a href=\"http:\/\/testing.iusolutions.com\/intranet\/\">Para mais informa\u00e7\u00f5es sobre nosso sistema online, clique AQUI<\/a><\/h4>\n<p><\/p>","protected":false},"excerpt":{"rendered":"<p>Especializados en soluciones de evaluaci\u00f3n de riesgo.<\/p>\n","protected":false},"author":40,"featured_media":0,"parent":0,"menu_order":0,"comment_status":"open","ping_status":"open","template":"page-full.php","meta":[],"_links":{"self":[{"href":"http:\/\/testing.iusolutions.com\/pt\/wp-json\/wp\/v2\/pages\/1823"}],"collection":[{"href":"http:\/\/testing.iusolutions.com\/pt\/wp-json\/wp\/v2\/pages"}],"about":[{"href":"http:\/\/testing.iusolutions.com\/pt\/wp-json\/wp\/v2\/types\/page"}],"author":[{"embeddable":true,"href":"http:\/\/testing.iusolutions.com\/pt\/wp-json\/wp\/v2\/users\/40"}],"replies":[{"embeddable":true,"href":"http:\/\/testing.iusolutions.com\/pt\/wp-json\/wp\/v2\/comments?post=1823"}],"version-history":[{"count":72,"href":"http:\/\/testing.iusolutions.com\/pt\/wp-json\/wp\/v2\/pages\/1823\/revisions"}],"predecessor-version":[{"id":8933,"href":"http:\/\/testing.iusolutions.com\/pt\/wp-json\/wp\/v2\/pages\/1823\/revisions\/8933"}],"wp:attachment":[{"href":"http:\/\/testing.iusolutions.com\/pt\/wp-json\/wp\/v2\/media?parent=1823"}],"curies":[{"name":"wp","href":"https:\/\/api.w.org\/{rel}","templated":true}]}}