{"id":1828,"date":"2015-03-31T16:57:15","date_gmt":"2015-03-31T16:57:15","guid":{"rendered":"http:\/\/testing.iusolutions.com\/?page_id=1828"},"modified":"2019-12-10T16:38:41","modified_gmt":"2019-12-10T19:38:41","slug":"clientes","status":"publish","type":"page","link":"http:\/\/testing.iusolutions.com\/pt\/clientes\/","title":{"rendered":"Clientes"},"content":{"rendered":"<p><\/p>\n<h1>Nossos Clientes<\/h1>\n<h2>COMPNHIAS INTERNACIONAIS DE PRIMEIRA LINHA<\/h2>\n<p>&nbsp;<\/p>\n<p>Trabalhamos como assessores externos de companhias de seguro. Somos especialistas em solu\u00e7\u00f5es de avalia\u00e7\u00e3o de risco. Trabalhamos com rapidez e garantimos a mais absoluta confidencialidade.<\/p>\n<div class=\"et-box et-shadow\">\n<div class=\"et-box-content\">\n<h3 class=\"naranja\">LIDERAMOS O MERCADO LATINO &#8211; AMERICANO: 90% das principais seguradoras do continente contratam nossos servi\u00e7os para a avalia\u00e7\u00e3o de risco na Am\u00e9rica Latina.<\/h3>\n<\/p><\/div>\n<\/div>\n<p>&nbsp;<\/p>\n<hr \/>\n<h1>O Mercado<\/h1>\n<h2>NOSSOS SERVI\u00c7OS EST\u00c3O CONCENTRADOS PRINCIPALMENTE NO MERCADO LATINO &#8211; AMERICANO<\/h2>\n<p>&nbsp;<\/p>\n<p><strong>:: Am\u00e9rica Latina:<\/strong><\/p>\n<p>Argentina, Bahamas, Bolivia, Brasil, Chile, Col\u00f4mbia, Costa Rica, Cuba, Ecuador, El Salvador, Guatemala, Guiana Francesa, Guiana Holandesa, Haiti, Honduras, Jamaica, M\u00e9xico, Nicar\u00e1gua, Panam\u00e1, Paraguai, Peru, Porto Rico, Rep\u00fablica Dominicana, S\u00e3o Martinho, Uruguai, Venezuela.<\/p>\n<p><strong>:: Outros Pa\u00edses:<\/strong><\/p>\n<p>Alemania, Australia, Espa\u00f1a, Estados Unidos, Fran\u00e7a, Gr\u00e3-Bretanha, \u00cdndia, Portugal, Su\u00ed\u00e7a, Taiwan, China y Jap\u00f3n. <\/p>\n<p>&nbsp;<\/p>","protected":false},"excerpt":{"rendered":"<p>Nossos Clientes COMPNHIAS INTERNACIONAIS DE PRIMEIRA LINHA &nbsp; Trabalhamos como assessores externos de companhias de seguro. Somos especialistas em solu\u00e7\u00f5es de avalia\u00e7\u00e3o de risco. Trabalhamos com rapidez e garantimos a mais absoluta confidencialidade. LIDERAMOS O MERCADO LATINO &#8211; AMERICANO: 90% das principais seguradoras do continente contratam nossos servi\u00e7os para a avalia\u00e7\u00e3o de risco na Am\u00e9rica [&hellip;]<\/p>\n","protected":false},"author":40,"featured_media":0,"parent":0,"menu_order":0,"comment_status":"open","ping_status":"open","template":"page-full.php","meta":[],"_links":{"self":[{"href":"http:\/\/testing.iusolutions.com\/pt\/wp-json\/wp\/v2\/pages\/1828"}],"collection":[{"href":"http:\/\/testing.iusolutions.com\/pt\/wp-json\/wp\/v2\/pages"}],"about":[{"href":"http:\/\/testing.iusolutions.com\/pt\/wp-json\/wp\/v2\/types\/page"}],"author":[{"embeddable":true,"href":"http:\/\/testing.iusolutions.com\/pt\/wp-json\/wp\/v2\/users\/40"}],"replies":[{"embeddable":true,"href":"http:\/\/testing.iusolutions.com\/pt\/wp-json\/wp\/v2\/comments?post=1828"}],"version-history":[{"count":19,"href":"http:\/\/testing.iusolutions.com\/pt\/wp-json\/wp\/v2\/pages\/1828\/revisions"}],"predecessor-version":[{"id":8429,"href":"http:\/\/testing.iusolutions.com\/pt\/wp-json\/wp\/v2\/pages\/1828\/revisions\/8429"}],"wp:attachment":[{"href":"http:\/\/testing.iusolutions.com\/pt\/wp-json\/wp\/v2\/media?parent=1828"}],"curies":[{"name":"wp","href":"https:\/\/api.w.org\/{rel}","templated":true}]}}