{"id":1830,"date":"2015-03-31T17:23:04","date_gmt":"2015-03-31T17:23:04","guid":{"rendered":"http:\/\/testing.iusolutions.com\/?page_id=1830"},"modified":"2020-09-15T12:17:14","modified_gmt":"2020-09-15T15:17:14","slug":"contacto","status":"publish","type":"page","link":"http:\/\/testing.iusolutions.com\/pt\/contacto\/","title":{"rendered":"Contato"},"content":{"rendered":"<p><\/p>\n<h2>FALE CONOSCO<\/h2>\n<p><img loading=\"lazy\" class=\"alignleft wp-image-5546 size-full\" src=\"http:\/\/testing.iusolutions.com\/wp-content\/themes\/Chameleon-child\/images\/ft-contacto.jpg\" alt=\"Qualquer pergunta ou solicita\u00e7\u00e3o, comunique-se diretamente atrav\u00e9s de nossos telefones ou via e-mail\" width=\"275\" height=\"200\" \/><\/p>\n<h3 class=\"azul\"><em>&#8220;Qualquer pergunta ou solicita\u00e7\u00e3o, comunique-se diretamente atrav\u00e9s de nossos telefones ou via e-mail&#8221;<\/em><\/h3>\n<p>&nbsp;<\/p>\n<div class=\"linea-nar-izq\">Tel. +5411 5365.1140<br \/>\n<a href=\"mailto:info@testing.iusolutions.com\">info@testing.iusolutions.com<\/a><\/div>\n<p>&nbsp;<\/p>\n<p>&nbsp;<\/p>\n<p>&nbsp;<\/p>\n<h2 align=\"center\">QUALQUER CONSULTA OU SOLICITA\u00c7\u00c3O, ENVIE-NOS UMA MENSAGEM<\/h2>\n<p><div role=\"form\" class=\"wpcf7\" id=\"wpcf7-f3018-o3\" lang=\"es-ES\" dir=\"ltr\">\n<div class=\"screen-reader-response\"><p role=\"status\" aria-live=\"polite\" aria-atomic=\"true\"><\/p> <ul><\/ul><\/div>\n<form action=\"\/pt\/wp-json\/wp\/v2\/pages\/1830#wpcf7-f3018-o3\" method=\"post\" class=\"wpcf7-form init\" novalidate=\"novalidate\" data-status=\"init\">\n<div style=\"display: none;\">\n<input type=\"hidden\" name=\"_wpcf7\" value=\"3018\" \/>\n<input type=\"hidden\" name=\"_wpcf7_version\" value=\"5.4.1\" \/>\n<input type=\"hidden\" name=\"_wpcf7_locale\" value=\"es_ES\" \/>\n<input type=\"hidden\" name=\"_wpcf7_unit_tag\" value=\"wpcf7-f3018-o3\" \/>\n<input type=\"hidden\" name=\"_wpcf7_container_post\" value=\"0\" \/>\n<input type=\"hidden\" name=\"_wpcf7_posted_data_hash\" value=\"\" \/>\n<input type=\"hidden\" name=\"_wpcf7_recaptcha_response\" value=\"\" \/>\n<\/div>\n<div id=\"et-contact\">\n<div id=\"et_contact_form\">\n<p class=\"clearfix\">\n<label class=\"et_contact_form_label\">Sobrenome<\/label><span class=\"wpcf7-form-control-wrap your-surname\"><input type=\"text\" name=\"your-surname\" value=\"\" size=\"40\" class=\"wpcf7-form-control wpcf7-text wpcf7-validates-as-required\" aria-required=\"true\" aria-invalid=\"false\" \/><\/span>\n<\/p>\n<p class=\"clearfix\">\n<label class=\"et_contact_form_label\">Nome <\/label><span class=\"wpcf7-form-control-wrap your-name\"><input type=\"text\" name=\"your-name\" value=\"\" size=\"40\" class=\"wpcf7-form-control wpcf7-text wpcf7-validates-as-required\" aria-required=\"true\" aria-invalid=\"false\" \/><\/span>\n<\/p>\n<p class=\"clearfix\">\n<label class=\"et_contact_form_label\">Empresa<\/label><span class=\"wpcf7-form-control-wrap your-Compania\"><input type=\"text\" name=\"your-Compania\" value=\"\" size=\"40\" class=\"wpcf7-form-control wpcf7-text wpcf7-validates-as-required\" aria-required=\"true\" aria-invalid=\"false\" \/><\/span>\n<\/p>\n<p class=\"clearfix\">\n<label class=\"et_contact_form_label\">Telefone<\/label><span class=\"wpcf7-form-control-wrap tel-922\"><input type=\"tel\" name=\"tel-922\" value=\"\" size=\"40\" class=\"wpcf7-form-control wpcf7-text wpcf7-tel wpcf7-validates-as-required wpcf7-validates-as-tel\" aria-required=\"true\" aria-invalid=\"false\" \/><\/span>\n<\/p>\n<p class=\"clearfix\">\n<label class=\"et_contact_form_label\">E-mail<\/label><span class=\"wpcf7-form-control-wrap your-email\"><input type=\"email\" name=\"your-email\" value=\"\" size=\"40\" class=\"wpcf7-form-control wpcf7-text wpcf7-email wpcf7-validates-as-required wpcf7-validates-as-email\" aria-required=\"true\" aria-invalid=\"false\" \/><\/span>\n<\/p>\n<p class=\"clearfix\">\n<label class=\"et_contact_form_label\">Coment\u00e1rios<\/label><span class=\"wpcf7-form-control-wrap your-Comentarios\"><textarea name=\"your-Comentarios\" cols=\"40\" rows=\"10\" class=\"wpcf7-form-control wpcf7-textarea\" aria-invalid=\"false\"><\/textarea><\/span>\n<\/p>\n<p id=\"et_contact_submit\" class=\"et_contact_submit\"><input type=\"submit\" value=\"Enviar\" class=\"wpcf7-form-control wpcf7-submit\" \/><\/p>\n<\/div>\n<\/div>\n<div class=\"wpcf7-response-output\" aria-hidden=\"true\"><\/div><\/form><\/div><\/p>","protected":false},"excerpt":{"rendered":"<p>FALE CONOSCO &#8220;Qualquer pergunta ou solicita\u00e7\u00e3o, comunique-se diretamente atrav\u00e9s de nossos telefones ou via e-mail&#8221; &nbsp; Tel. +5411 5365.1140 info@testing.iusolutions.com &nbsp; &nbsp; &nbsp; QUALQUER CONSULTA OU SOLICITA\u00c7\u00c3O, ENVIE-NOS UMA MENSAGEM<\/p>\n","protected":false},"author":40,"featured_media":0,"parent":0,"menu_order":0,"comment_status":"open","ping_status":"open","template":"page-full.php","meta":[],"_links":{"self":[{"href":"http:\/\/testing.iusolutions.com\/pt\/wp-json\/wp\/v2\/pages\/1830"}],"collection":[{"href":"http:\/\/testing.iusolutions.com\/pt\/wp-json\/wp\/v2\/pages"}],"about":[{"href":"http:\/\/testing.iusolutions.com\/pt\/wp-json\/wp\/v2\/types\/page"}],"author":[{"embeddable":true,"href":"http:\/\/testing.iusolutions.com\/pt\/wp-json\/wp\/v2\/users\/40"}],"replies":[{"embeddable":true,"href":"http:\/\/testing.iusolutions.com\/pt\/wp-json\/wp\/v2\/comments?post=1830"}],"version-history":[{"count":45,"href":"http:\/\/testing.iusolutions.com\/pt\/wp-json\/wp\/v2\/pages\/1830\/revisions"}],"predecessor-version":[{"id":8932,"href":"http:\/\/testing.iusolutions.com\/pt\/wp-json\/wp\/v2\/pages\/1830\/revisions\/8932"}],"wp:attachment":[{"href":"http:\/\/testing.iusolutions.com\/pt\/wp-json\/wp\/v2\/media?parent=1830"}],"curies":[{"name":"wp","href":"https:\/\/api.w.org\/{rel}","templated":true}]}}