{"id":1859,"date":"2015-04-01T17:48:02","date_gmt":"2015-04-01T17:48:02","guid":{"rendered":"http:\/\/testing.iusolutions.com\/?page_id=1859"},"modified":"2020-08-12T22:36:01","modified_gmt":"2020-08-13T01:36:01","slug":"intranet","status":"publish","type":"page","link":"http:\/\/testing.iusolutions.com\/pt\/intranet\/","title":{"rendered":"Intranet"},"content":{"rendered":"<p><\/p>\n<div class=\"et_quote quote-center\">\n<div class=\"et_right_quote\">Convidamos voc\u00ea a conhecer a ferramenta que lhe permite agilizar consultas, reduzir custos e conhecer as novidades online de cada relat\u00f3rio em particular.<\/div>\n<p>&nbsp;<\/p>\n<\/div>\n<p><img loading=\"lazy\" class=\"alignnone wp-image-5544 size-full\" src=\"\/wp-content\/themes\/Chameleon-child\/images\/destacados-intranet-pt.jpg\" alt=\"Intranet. Atraves do sistema, voce podera pedir uma vistoria em poucos segundos\" width=\"960\" height=\"220\" \/><\/p>\n<p>&nbsp;<\/p>\n<table border=\"0\" width=\"80%\" cellspacing=\"0\" cellpadding=\"0\" align=\"center\">\n<tbody>\n<tr>\n<td align=\"center\" width=\"65%\">\n\t\t<form name=\"loginform\" id=\"loginform\" action=\"http:\/\/testing.iusolutions.com\/wp-login.php\" method=\"post\">\n\t\t\t\n\t\t\t<p class=\"login-username\">\n\t\t\t\t<label for=\"user_login\">Usu\u00e1rio<\/label>\n\t\t\t\t<input type=\"text\" name=\"log\" id=\"user_login\" class=\"input\" value=\"\" size=\"20\" \/>\n\t\t\t<\/p>\n\t\t\t<p class=\"login-password\">\n\t\t\t\t<label for=\"user_pass\">Senha<\/label>\n\t\t\t\t<input type=\"password\" name=\"pwd\" id=\"user_pass\" class=\"input\" value=\"\" size=\"20\" \/>\n\t\t\t<\/p>\n\t\t\t<p><a href=\"\/wp-login.php?action=lostpassword\">Esqueceu sua senha?<\/a><\/p> <br> \n\t\t\t   <p><a href=\"\/pt\/solicitud-de-nuevo-usuario\/\">N\u00c3O TEM UMA CONTA?<\/a>\n\t\t\t<p class=\"login-remember\"><label><input name=\"rememberme\" type=\"checkbox\" id=\"rememberme\" value=\"forever\" \/> Recordarme<\/label><\/p>\n\t\t\t<p class=\"login-submit\">\n\t\t\t\t<input type=\"submit\" name=\"wp-submit\" id=\"wp-submit\" class=\"button button-primary\" value=\"Entrar\" \/>\n\t\t\t\t<input type=\"hidden\" name=\"redirect_to\" value=\"http:\/\/testing.iusolutions.com\/intranet-lista-casos\" \/>\n\t\t\t<\/p>\n\t\t\t\n\t\t<\/form><\/td>\n<td width=\"35%\">\n<div class=\"et-box et-shadow\">\n<div class=\"et-box-content fd-naranja\"><strong class=\"blanco\"><a class=\"blanco\" href=\"http:\/\/testing.iusolutions.com\/intranet-nuevo-usuario\/\">REGISTRE AGORA SEU NOVO USU\u00c1RIO PARA ACESSAR OS SERVI\u00c7OS DE ADMINISTRA\u00c7\u00c3O DE CASOS DE INSPECTION REPORTS DA IUSOLUTIONS AQUI.<\/a><\/strong><\/div>\n<\/div>\n<\/td>\n<\/tr>\n<\/tbody>\n<\/table>\n<div class=\"et-custom-list\">\n<ul>\n<ul>\n<li>Permite o seguimento dos casos faixa em tempo real 24 horas.<\/li>\n<li>Tem cada cliente em nosso site em sua intranet, que entra atrav\u00e9s de acceso seguro<\/li>\n<li>Evita a troca desnecess\u00e1ria de e-mails e telefonemas.<\/li>\n<li>Permite gerenciar as informa\u00e7\u00f5es de cada processo f\u00e1cil e imediatamente atualizado.<\/li>\n<li>Oferece novos crit\u00e9rios de pesquisa para facilitar o acompanhamento e controle de cada caso, atrav\u00e9s de empresas, PGA e agentes.<\/li>\n<li>Un sistema de alerta indica os casos que permanecem sem progresso por mais de quatro dias, o que lhe permite resolver rapidamente os atrasos.<\/li>\n<li>Garante a confidencialidade das informa\u00e7\u00f5es. Casos fechados s\u00e3o eliminados, e n\u00e3o permanecem no sistema.<\/li>\n<\/ul>\n<\/ul>\n<p>&nbsp;<\/p>\n<div class=\"et-box et-shadow\">\n<div class=\"et-box-content\">\n<h3 class=\"naranja\" style=\"text-align: center;\"><a href=\"https:\/\/vimeo.com\/447002389\" target=\"_blank\" rel=\"noopener noreferrer\">See the instructional video of the new IUSolutions intranet<\/a><\/h3>\n<\/div>\n<\/div>\n<p>&nbsp;<\/p>\n<div class=\"et-box et-shadow\">\n<div class=\"et-box-content\">\n<h3 class=\"naranja\">IUSolutions para Dispositivos M\u00f3veis<\/h3>\n<p><strong class=\"naranja\">Agora, atrav\u00e9s do servi\u00e7o IUSolutions Mobile, voc\u00ea poder\u00e1 solicitar relat\u00f3rios e acessar todas as informa\u00e7\u00f5es atualizadas de seus casos, no seu celular.<\/strong><\/p>\n<\/div>\n<\/div>\n<\/div>\n<p><\/p>","protected":false},"excerpt":{"rendered":"<p>Una herramienta r\u00e1pida y segura<\/p>\n","protected":false},"author":40,"featured_media":0,"parent":0,"menu_order":0,"comment_status":"open","ping_status":"open","template":"page-full.php","meta":[],"_links":{"self":[{"href":"http:\/\/testing.iusolutions.com\/pt\/wp-json\/wp\/v2\/pages\/1859"}],"collection":[{"href":"http:\/\/testing.iusolutions.com\/pt\/wp-json\/wp\/v2\/pages"}],"about":[{"href":"http:\/\/testing.iusolutions.com\/pt\/wp-json\/wp\/v2\/types\/page"}],"author":[{"embeddable":true,"href":"http:\/\/testing.iusolutions.com\/pt\/wp-json\/wp\/v2\/users\/40"}],"replies":[{"embeddable":true,"href":"http:\/\/testing.iusolutions.com\/pt\/wp-json\/wp\/v2\/comments?post=1859"}],"version-history":[{"count":50,"href":"http:\/\/testing.iusolutions.com\/pt\/wp-json\/wp\/v2\/pages\/1859\/revisions"}],"predecessor-version":[{"id":8825,"href":"http:\/\/testing.iusolutions.com\/pt\/wp-json\/wp\/v2\/pages\/1859\/revisions\/8825"}],"wp:attachment":[{"href":"http:\/\/testing.iusolutions.com\/pt\/wp-json\/wp\/v2\/media?parent=1859"}],"curies":[{"name":"wp","href":"https:\/\/api.w.org\/{rel}","templated":true}]}}