{"id":2914,"date":"2016-04-10T10:04:10","date_gmt":"2016-04-10T13:04:10","guid":{"rendered":"http:\/\/testing.iusolutions.com\/?page_id=2914"},"modified":"2016-07-21T16:07:54","modified_gmt":"2016-07-21T19:07:54","slug":"intranet-nuevo-usuario","status":"publish","type":"page","link":"http:\/\/testing.iusolutions.com\/pt\/intranet-nuevo-usuario\/","title":{"rendered":"Formul\u00e1rio Novo Usu\u00e1rio"},"content":{"rendered":"<p><\/p>\n<h1>Solicita\u00e7\u00e3o de novo usu\u00e1rio<br \/>\npara casos de Inspection Reports<\/h1>\n<p>Complete o seguinte formul\u00e1rio e obtenha seu Usu\u00e1rio e Senha para acessar os servi\u00e7os de administra\u00e7\u00e3o de relat\u00f3rios\u00a0de Inspection Reports da IUSolutions.<\/p>\n<p><div role=\"form\" class=\"wpcf7\" id=\"wpcf7-f3021-o3\" lang=\"es-ES\" dir=\"ltr\">\n<div class=\"screen-reader-response\"><p role=\"status\" aria-live=\"polite\" aria-atomic=\"true\"><\/p> <ul><\/ul><\/div>\n<form action=\"\/pt\/wp-json\/wp\/v2\/pages\/2914#wpcf7-f3021-o3\" method=\"post\" class=\"wpcf7-form init\" novalidate=\"novalidate\" data-status=\"init\">\n<div style=\"display: none;\">\n<input type=\"hidden\" name=\"_wpcf7\" value=\"3021\" \/>\n<input type=\"hidden\" name=\"_wpcf7_version\" value=\"5.4.1\" \/>\n<input type=\"hidden\" name=\"_wpcf7_locale\" value=\"es_ES\" \/>\n<input type=\"hidden\" name=\"_wpcf7_unit_tag\" value=\"wpcf7-f3021-o3\" \/>\n<input type=\"hidden\" name=\"_wpcf7_container_post\" value=\"0\" \/>\n<input type=\"hidden\" name=\"_wpcf7_posted_data_hash\" value=\"\" \/>\n<input type=\"hidden\" name=\"_wpcf7_recaptcha_response\" value=\"\" \/>\n<\/div>\n<div id=\"et-contact\">\n<div id=\"et_contact_form\">\n<p class=\"clearfix\">\n<label class=\"et_contact_form_label\">Empresa<\/label><span class=\"wpcf7-form-control-wrap your-Empresa\"><input type=\"text\" name=\"your-Empresa\" value=\"\" size=\"40\" class=\"wpcf7-form-control wpcf7-text wpcf7-validates-as-required\" aria-required=\"true\" aria-invalid=\"false\" \/><\/span>\n<\/p>\n<p class=\"clearfix\">\n<label class=\"et_contact_form_label\">Sobrenome<\/label><span class=\"wpcf7-form-control-wrap your-surname\"><input type=\"text\" name=\"your-surname\" value=\"\" size=\"40\" class=\"wpcf7-form-control wpcf7-text wpcf7-validates-as-required\" aria-required=\"true\" aria-invalid=\"false\" \/><\/span>\n<\/p>\n<p class=\"clearfix\">\n<label class=\"et_contact_form_label\">Nome <\/label><span class=\"wpcf7-form-control-wrap your-name\"><input type=\"text\" name=\"your-name\" value=\"\" size=\"40\" class=\"wpcf7-form-control wpcf7-text wpcf7-validates-as-required\" aria-required=\"true\" aria-invalid=\"false\" \/><\/span>\n<\/p>\n<p class=\"clearfix\">\n<label class=\"et_contact_form_label\">Telefone<\/label><span class=\"wpcf7-form-control-wrap tel-922\"><input type=\"tel\" name=\"tel-922\" value=\"\" size=\"40\" class=\"wpcf7-form-control wpcf7-text wpcf7-tel wpcf7-validates-as-required wpcf7-validates-as-tel\" aria-required=\"true\" aria-invalid=\"false\" \/><\/span>\n<\/p>\n<p class=\"clearfix\">\n<label class=\"et_contact_form_label\">ENDERE\u00c7O<\/label><span class=\"wpcf7-form-control-wrap your-Direccion\"><input type=\"text\" name=\"your-Direccion\" value=\"\" size=\"40\" class=\"wpcf7-form-control wpcf7-text wpcf7-validates-as-required\" aria-required=\"true\" aria-invalid=\"false\" \/><\/span>\n<\/p>\n<p class=\"clearfix\">\n<label class=\"et_contact_form_label\">Pa\u00eds<\/label><span class=\"wpcf7-form-control-wrap menu-Pais\"><select name=\"menu-Pais\" class=\"wpcf7-form-control wpcf7-select wpcf7-validates-as-required\" id=\"paises\" aria-required=\"true\" aria-invalid=\"false\"><option value=\"\">---<\/option><option value=\"Afghanistan\">Afghanistan<\/option><option value=\"Albania\">Albania<\/option><option value=\"Algeria\">Algeria<\/option><option value=\"American Samoa\">American Samoa<\/option><option value=\"Andorra\">Andorra<\/option><option value=\"Angola\">Angola<\/option><option value=\"Anguilla\">Anguilla<\/option><option value=\"Antarctica\">Antarctica<\/option><option value=\"Antigua and Barbuda\">Antigua and Barbuda<\/option><option value=\"Argentina\">Argentina<\/option><option value=\"Armenia\">Armenia<\/option><option value=\"Arctic Ocean\">Arctic Ocean<\/option><option value=\"Aruba\">Aruba<\/option><option value=\"Ashmore and Cartier Islands\">Ashmore and Cartier Islands<\/option><option value=\"Atlantic Ocean\">Atlantic Ocean<\/option><option value=\"Australia\">Australia<\/option><option value=\"Austria\">Austria<\/option><option value=\"Azerbaijan\">Azerbaijan<\/option><option value=\"Bahamas\">Bahamas<\/option><option value=\"Bahrain\">Bahrain<\/option><option value=\"Baker Island\">Baker Island<\/option><option value=\"Bangladesh\">Bangladesh<\/option><option value=\"Barbados\">Barbados<\/option><option value=\"Bassas da India\">Bassas da India<\/option><option value=\"Belarus\">Belarus<\/option><option value=\"Belgium\">Belgium<\/option><option value=\"Belize\">Belize<\/option><option value=\"Benin\">Benin<\/option><option value=\"Bermuda\">Bermuda<\/option><option value=\"Bhutan\">Bhutan<\/option><option value=\"Bolivia\">Bolivia<\/option><option value=\"Bosnia and Herzegovina\">Bosnia and Herzegovina<\/option><option value=\"Botswana\">Botswana<\/option><option value=\"Bouvet Island\">Bouvet Island<\/option><option value=\"Brazil\">Brazil<\/option><option value=\"British Virgin Islands\">British Virgin Islands<\/option><option value=\"Brunei\">Brunei<\/option><option value=\"Bulgaria\">Bulgaria<\/option><option value=\"Burkina Faso\">Burkina Faso<\/option><option value=\"Burundi\">Burundi<\/option><option value=\"Cambodia\">Cambodia<\/option><option value=\"Cameroon\">Cameroon<\/option><option value=\"Canada\">Canada<\/option><option value=\"Cape Verde\">Cape Verde<\/option><option value=\"Cayman Islands\">Cayman Islands<\/option><option value=\"Central African Republic\">Central African Republic<\/option><option value=\"Chad\">Chad<\/option><option value=\"Chile\">Chile<\/option><option value=\"China\">China<\/option><option value=\"Christmas Island\">Christmas Island<\/option><option value=\"Clipperton Island\">Clipperton Island<\/option><option value=\"Cocos Islands\">Cocos Islands<\/option><option value=\"Colombia\">Colombia<\/option><option value=\"Comoros\">Comoros<\/option><option value=\"Cook Islands\">Cook Islands<\/option><option value=\"Coral Sea Islands\">Coral Sea Islands<\/option><option value=\"Costa Rica\">Costa Rica<\/option><option value=\"Cote d&#039;Ivoire\">Cote d&#039;Ivoire<\/option><option value=\"Croatia\">Croatia<\/option><option value=\"Cuba\">Cuba<\/option><option value=\"Cyprus\">Cyprus<\/option><option value=\"Czech Republic\">Czech Republic<\/option><option value=\"Denmark\">Denmark<\/option><option value=\"Democratic Republic of the Congo\">Democratic Republic of the Congo<\/option><option value=\"Djibouti\">Djibouti<\/option><option value=\"Dominica\">Dominica<\/option><option value=\"Dominican Republic\">Dominican Republic<\/option><option value=\"East Timor\">East Timor<\/option><option value=\"Ecuador\">Ecuador<\/option><option value=\"Egypt\">Egypt<\/option><option value=\"El Salvador\">El Salvador<\/option><option value=\"Equatorial Guinea\">Equatorial Guinea<\/option><option value=\"Eritrea\">Eritrea<\/option><option value=\"Estonia\">Estonia<\/option><option value=\"Ethiopia\">Ethiopia<\/option><option value=\"Europa Island\">Europa Island<\/option><option value=\"Falkland Islands (Islas Malvinas)\">Falkland Islands (Islas Malvinas)<\/option><option value=\"Faroe Islands\">Faroe Islands<\/option><option value=\"Fiji\">Fiji<\/option><option value=\"Finland\">Finland<\/option><option value=\"France\">France<\/option><option value=\"French Guiana\">French Guiana<\/option><option value=\"French Polynesia\">French Polynesia<\/option><option value=\"French Southern and Antarctic Lands\">French Southern and Antarctic Lands<\/option><option value=\"Gabon\">Gabon<\/option><option value=\"Gambia\">Gambia<\/option><option value=\"Gaza Strip\">Gaza Strip<\/option><option value=\"Georgia\">Georgia<\/option><option value=\"Germany\">Germany<\/option><option value=\"Ghana\">Ghana<\/option><option value=\"Gibraltar\">Gibraltar<\/option><option value=\"Glorioso Islands\">Glorioso Islands<\/option><option value=\"Greece\">Greece<\/option><option value=\"Greenland\">Greenland<\/option><option value=\"Grenada\">Grenada<\/option><option value=\"Guadeloupe\">Guadeloupe<\/option><option value=\"Guam\">Guam<\/option><option value=\"Guatemala\">Guatemala<\/option><option value=\"Guernsey\">Guernsey<\/option><option value=\"Guinea\">Guinea<\/option><option value=\"Guinea-Bissau\">Guinea-Bissau<\/option><option value=\"Guyana\">Guyana<\/option><option value=\"Haiti\">Haiti<\/option><option value=\"Heard Island and McDonald Islands\">Heard Island and McDonald Islands<\/option><option value=\"Honduras\">Honduras<\/option><option value=\"Hong Kong\">Hong Kong<\/option><option value=\"Howland Island\">Howland Island<\/option><option value=\"Hungary\">Hungary<\/option><option value=\"Iceland\">Iceland<\/option><option value=\"India\">India<\/option><option value=\"Indian Ocean\">Indian Ocean<\/option><option value=\"Indonesia\">Indonesia<\/option><option value=\"Iran\">Iran<\/option><option value=\"Iraq\">Iraq<\/option><option value=\"Ireland\">Ireland<\/option><option value=\"Isle of Man\">Isle of Man<\/option><option value=\"Israel\">Israel<\/option><option value=\"Italy\">Italy<\/option><option value=\"Jamaica\">Jamaica<\/option><option value=\"Jan Mayen\">Jan Mayen<\/option><option value=\"Japan\">Japan<\/option><option value=\"Jarvis Island\">Jarvis Island<\/option><option value=\"Jersey\">Jersey<\/option><option value=\"Johnston Atoll\">Johnston Atoll<\/option><option value=\"Jordan\">Jordan<\/option><option value=\"Juan de Nova Island\">Juan de Nova Island<\/option><option value=\"Kazakhstan\">Kazakhstan<\/option><option value=\"Kenya\">Kenya<\/option><option value=\"Kingman Reef\">Kingman Reef<\/option><option value=\"Kiribati\">Kiribati<\/option><option value=\"Kerguelen Archipelago\">Kerguelen Archipelago<\/option><option value=\"Kosovo\">Kosovo<\/option><option value=\"Kuwait\">Kuwait<\/option><option value=\"Kyrgyzstan\">Kyrgyzstan<\/option><option value=\"Laos\">Laos<\/option><option value=\"Latvia\">Latvia<\/option><option value=\"Lebanon\">Lebanon<\/option><option value=\"Lesotho\">Lesotho<\/option><option value=\"Liberia\">Liberia<\/option><option value=\"Libya\">Libya<\/option><option value=\"Liechtenstein\">Liechtenstein<\/option><option value=\"Lithuania\">Lithuania<\/option><option value=\"Luxembourg\">Luxembourg<\/option><option value=\"Macau\">Macau<\/option><option value=\"Macedonia\">Macedonia<\/option><option value=\"Madagascar\">Madagascar<\/option><option value=\"Malawi\">Malawi<\/option><option value=\"Malaysia\">Malaysia<\/option><option value=\"Maldives\">Maldives<\/option><option value=\"Mali\">Mali<\/option><option value=\"Malta\">Malta<\/option><option value=\"Marshall Islands\">Marshall Islands<\/option><option value=\"Martinique\">Martinique<\/option><option value=\"Mauritania\">Mauritania<\/option><option value=\"Mauritius\">Mauritius<\/option><option value=\"Mayotte\">Mayotte<\/option><option value=\"Mexico\">Mexico<\/option><option value=\"Micronesia\">Micronesia<\/option><option value=\"Midway Islands\">Midway Islands<\/option><option value=\"Moldova\">Moldova<\/option><option value=\"Monaco\">Monaco<\/option><option value=\"Mongolia\">Mongolia<\/option><option value=\"Montenegro\">Montenegro<\/option><option value=\"Montserrat\">Montserrat<\/option><option value=\"Morocco\">Morocco<\/option><option value=\"Mozambique\">Mozambique<\/option><option value=\"Myanmar\">Myanmar<\/option><option value=\"Namibia\">Namibia<\/option><option value=\"Nauru\">Nauru<\/option><option value=\"Navassa Island\">Navassa Island<\/option><option value=\"Nepal\">Nepal<\/option><option value=\"Netherlands\">Netherlands<\/option><option value=\"Netherlands Antilles\">Netherlands Antilles<\/option><option value=\"New Caledonia\">New Caledonia<\/option><option value=\"New Zealand\">New Zealand<\/option><option value=\"Nicaragua\">Nicaragua<\/option><option value=\"Niger\">Niger<\/option><option value=\"Nigeria\">Nigeria<\/option><option value=\"Niue\">Niue<\/option><option value=\"Norfolk Island\">Norfolk Island<\/option><option value=\"North Korea\">North Korea<\/option><option value=\"North Sea\">North Sea<\/option><option value=\"Northern Mariana Islands\">Northern Mariana Islands<\/option><option value=\"Norway\">Norway<\/option><option value=\"Oman\">Oman<\/option><option value=\"Pacific Ocean\">Pacific Ocean<\/option><option value=\"Pakistan\">Pakistan<\/option><option value=\"Palau\">Palau<\/option><option value=\"Palmyra Atoll\">Palmyra Atoll<\/option><option value=\"Panama\">Panama<\/option><option value=\"Papua New Guinea\">Papua New Guinea<\/option><option value=\"Paracel Islands\">Paracel Islands<\/option><option value=\"Paraguay\">Paraguay<\/option><option value=\"Peru\">Peru<\/option><option value=\"Philippines\">Philippines<\/option><option value=\"Pitcairn Islands\">Pitcairn Islands<\/option><option value=\"Poland\">Poland<\/option><option value=\"Portugal\">Portugal<\/option><option value=\"Puerto Rico\">Puerto Rico<\/option><option value=\"Qatar\">Qatar<\/option><option value=\"Reunion\">Reunion<\/option><option value=\"Republic of the Congo\">Republic of the Congo<\/option><option value=\"Romania\">Romania<\/option><option value=\"Russia\">Russia<\/option><option value=\"Rwanda\">Rwanda<\/option><option value=\"Saint Helena\">Saint Helena<\/option><option value=\"Saint Kitts and Nevis\">Saint Kitts and Nevis<\/option><option value=\"Saint Lucia\">Saint Lucia<\/option><option value=\"Saint Pierre and Miquelon\">Saint Pierre and Miquelon<\/option><option value=\"Saint Vincent and the Grenadines\">Saint Vincent and the Grenadines<\/option><option value=\"Samoa\">Samoa<\/option><option value=\"San Marino\">San Marino<\/option><option value=\"Sao Tome and Principe\">Sao Tome and Principe<\/option><option value=\"Saudi Arabia\">Saudi Arabia<\/option><option value=\"Senegal\">Senegal<\/option><option value=\"Serbia\">Serbia<\/option><option value=\"Seychelles\">Seychelles<\/option><option value=\"Sierra Leone\">Sierra Leone<\/option><option value=\"Singapore\">Singapore<\/option><option value=\"Slovakia\">Slovakia<\/option><option value=\"Slovenia\">Slovenia<\/option><option value=\"Solomon Islands\">Solomon Islands<\/option><option value=\"Somalia\">Somalia<\/option><option value=\"South Africa\">South Africa<\/option><option value=\"South Georgia and the South Sandwich Islands\">South Georgia and the South Sandwich Islands<\/option><option value=\"South Korea\">South Korea<\/option><option value=\"Spain\">Spain<\/option><option value=\"Spratly Islands\">Spratly Islands<\/option><option value=\"Sri Lanka\">Sri Lanka<\/option><option value=\"Sudan\">Sudan<\/option><option value=\"Suriname\">Suriname<\/option><option value=\"Svalbard\">Svalbard<\/option><option value=\"Swaziland\">Swaziland<\/option><option value=\"Sweden\">Sweden<\/option><option value=\"Switzerland\">Switzerland<\/option><option value=\"Syria\">Syria<\/option><option value=\"Taiwan\">Taiwan<\/option><option value=\"Tajikistan\">Tajikistan<\/option><option value=\"Tanzania\">Tanzania<\/option><option value=\"Thailand\">Thailand<\/option><option value=\"Togo\">Togo<\/option><option value=\"Tokelau\">Tokelau<\/option><option value=\"Tonga\">Tonga<\/option><option value=\"Trinidad and Tobago\">Trinidad and Tobago<\/option><option value=\"Tromelin Island\">Tromelin Island<\/option><option value=\"Tunisia\">Tunisia<\/option><option value=\"Turkey\">Turkey<\/option><option value=\"Turkmenistan\">Turkmenistan<\/option><option value=\"Turks and Caicos Islands\">Turks and Caicos Islands<\/option><option value=\"Tuvalu\">Tuvalu<\/option><option value=\"Uganda\">Uganda<\/option><option value=\"Ukraine\">Ukraine<\/option><option value=\"United Arab Emirates\">United Arab Emirates<\/option><option value=\"United Kingdom\">United Kingdom<\/option><option value=\"USA\">USA<\/option><option value=\"Uruguay\">Uruguay<\/option><option value=\"Uzbekistan\">Uzbekistan<\/option><option value=\"Vanuatu\">Vanuatu<\/option><option value=\"Venezuela\">Venezuela<\/option><option value=\"Viet Nam\">Viet Nam<\/option><option value=\"Virgin Islands\">Virgin Islands<\/option><option value=\"Wake Island\">Wake Island<\/option><option value=\"Wallis and Futuna\">Wallis and Futuna<\/option><option value=\"West Bank\">West Bank<\/option><option value=\"Western Sahara\">Western Sahara<\/option><option value=\"Yemen\">Yemen<\/option><option value=\"Yugoslavia\">Yugoslavia<\/option><option value=\"Zambia\">Zambia<\/option><option value=\"Zimbabwe\">Zimbabwe<\/option><\/select><\/span> <\/p>\n<p class=\"clearfix\">\n<label class=\"et_contact_form_label\">E-Mail<\/label><span class=\"wpcf7-form-control-wrap your-email\"><input type=\"email\" name=\"your-email\" value=\"\" size=\"40\" class=\"wpcf7-form-control wpcf7-text wpcf7-email wpcf7-validates-as-required wpcf7-validates-as-email\" aria-required=\"true\" aria-invalid=\"false\" \/><\/span>\n<\/p>\n<p class=\"clearfix\">\n<label class=\"et_contact_form_label\">COMPANHIA DE SEGUROS PARA A QUAL SE NECESSITA DO C\u00d3DIGO<\/label><span class=\"wpcf7-form-control-wrap your-Compania\"><input type=\"text\" name=\"your-Compania\" value=\"\" size=\"40\" class=\"wpcf7-form-control wpcf7-text wpcf7-validates-as-required\" aria-required=\"true\" aria-invalid=\"false\" \/><\/span>\n<\/p>\n<p class=\"clearfix\">\n<label class=\"et_contact_form_label\">COM\u00c9NTARIOS<\/label><span class=\"wpcf7-form-control-wrap your-Comentarios\"><textarea name=\"your-Comentarios\" cols=\"40\" rows=\"10\" class=\"wpcf7-form-control wpcf7-textarea\" aria-invalid=\"false\"><\/textarea><\/span>\n<\/p>\n<p id=\"et_contact_submit\" class=\"et_contact_submit\"><input type=\"submit\" value=\"Enviar\" class=\"wpcf7-form-control wpcf7-submit\" \/><\/p>\n<\/div>\n<\/div>\n<div class=\"wpcf7-response-output\" aria-hidden=\"true\"><\/div><\/form><\/div><\/p>","protected":false},"excerpt":{"rendered":"<p>Solicita\u00e7\u00e3o de novo usu\u00e1rio para casos de Inspection Reports Complete o seguinte formul\u00e1rio e obtenha seu Usu\u00e1rio e Senha para acessar os servi\u00e7os de administra\u00e7\u00e3o de relat\u00f3rios\u00a0de Inspection Reports da IUSolutions.<\/p>\n","protected":false},"author":40,"featured_media":0,"parent":0,"menu_order":0,"comment_status":"closed","ping_status":"closed","template":"page-full.php","meta":[],"_links":{"self":[{"href":"http:\/\/testing.iusolutions.com\/pt\/wp-json\/wp\/v2\/pages\/2914"}],"collection":[{"href":"http:\/\/testing.iusolutions.com\/pt\/wp-json\/wp\/v2\/pages"}],"about":[{"href":"http:\/\/testing.iusolutions.com\/pt\/wp-json\/wp\/v2\/types\/page"}],"author":[{"embeddable":true,"href":"http:\/\/testing.iusolutions.com\/pt\/wp-json\/wp\/v2\/users\/40"}],"replies":[{"embeddable":true,"href":"http:\/\/testing.iusolutions.com\/pt\/wp-json\/wp\/v2\/comments?post=2914"}],"version-history":[{"count":5,"href":"http:\/\/testing.iusolutions.com\/pt\/wp-json\/wp\/v2\/pages\/2914\/revisions"}],"predecessor-version":[{"id":3022,"href":"http:\/\/testing.iusolutions.com\/pt\/wp-json\/wp\/v2\/pages\/2914\/revisions\/3022"}],"wp:attachment":[{"href":"http:\/\/testing.iusolutions.com\/pt\/wp-json\/wp\/v2\/media?parent=2914"}],"curies":[{"name":"wp","href":"https:\/\/api.w.org\/{rel}","templated":true}]}}