{"id":8450,"date":"2019-12-29T17:24:36","date_gmt":"2019-12-29T20:24:36","guid":{"rendered":"http:\/\/testing.iusolutions.com\/?page_id=8450"},"modified":"2019-12-29T17:56:42","modified_gmt":"2019-12-29T20:56:42","slug":"solicitud-de-nuevo-usuario","status":"publish","type":"page","link":"http:\/\/testing.iusolutions.com\/pt\/solicitud-de-nuevo-usuario\/","title":{"rendered":"Pedido de novo usu\u00e1rio nos casos dos Relat\u00f3rios de Inspec\u00e7\u00e3o."},"content":{"rendered":"<p><\/p>\n<h4>Preencha o formul\u00e1rio abaixo para receber seu Nome de Usu\u00e1rio e Senha para acessar os servi\u00e7os de gest\u00e3o de relat\u00f3rios de Inspec\u00e7\u00e3o de IUSolutions.<\/h4>\n<div class=\"form-new-user\"><div role=\"form\" class=\"wpcf7\" id=\"wpcf7-f8463-o3\" lang=\"es-ES\" dir=\"ltr\">\n<div class=\"screen-reader-response\"><p role=\"status\" aria-live=\"polite\" aria-atomic=\"true\"><\/p> <ul><\/ul><\/div>\n<form action=\"\/pt\/wp-json\/wp\/v2\/pages\/8450#wpcf7-f8463-o3\" method=\"post\" class=\"wpcf7-form init\" novalidate=\"novalidate\" data-status=\"init\">\n<div style=\"display: none;\">\n<input type=\"hidden\" name=\"_wpcf7\" value=\"8463\" \/>\n<input type=\"hidden\" name=\"_wpcf7_version\" value=\"5.4.1\" \/>\n<input type=\"hidden\" name=\"_wpcf7_locale\" value=\"es_ES\" \/>\n<input type=\"hidden\" name=\"_wpcf7_unit_tag\" value=\"wpcf7-f8463-o3\" \/>\n<input type=\"hidden\" name=\"_wpcf7_container_post\" value=\"0\" \/>\n<input type=\"hidden\" name=\"_wpcf7_posted_data_hash\" value=\"\" \/>\n<input type=\"hidden\" name=\"_wpcf7_recaptcha_response\" value=\"\" \/>\n<\/div>\n<div id=\"et-contact\">\n<div id=\"et_contact_form\">\n<p class=\"clearfix\">\n<label class=\"et_contact_form_label\">Empresa<\/label><span class=\"wpcf7-form-control-wrap company\"><input type=\"text\" name=\"company\" value=\"\" size=\"40\" class=\"wpcf7-form-control wpcf7-text wpcf7-validates-as-required\" aria-required=\"true\" aria-invalid=\"false\" \/><\/span>\n<\/p>\n<p class=\"clearfix\">\n<label class=\"et_contact_form_label\">Nome e Sobrenome da Pessoa Respons\u00e1vel<\/label><span class=\"wpcf7-form-control-wrap your-name\"><input type=\"text\" name=\"your-name\" value=\"\" size=\"40\" class=\"wpcf7-form-control wpcf7-text wpcf7-validates-as-required\" aria-required=\"true\" aria-invalid=\"false\" \/><\/span>\n<\/p>\n<p class=\"clearfix\">\n<label class=\"et_contact_form_label\">Telefone<\/label><span class=\"wpcf7-form-control-wrap phone\"><input type=\"tel\" name=\"phone\" value=\"\" size=\"40\" class=\"wpcf7-form-control wpcf7-text wpcf7-tel wpcf7-validates-as-required wpcf7-validates-as-tel\" aria-required=\"true\" aria-invalid=\"false\" \/><\/span>\n<\/p>\n<p class=\"clearfix\">\n<label class=\"et_contact_form_label\">Endere\u00e7o<\/label><span class=\"wpcf7-form-control-wrap your-address\"><input type=\"text\" name=\"your-address\" value=\"\" size=\"40\" class=\"wpcf7-form-control wpcf7-text wpcf7-validates-as-required\" aria-required=\"true\" aria-invalid=\"false\" \/><\/span>\n<\/p>\n<p class=\"clearfix\">\n<label class=\"et_contact_form_label\">Pa\u00eds<\/label><span class=\"wpcf7-form-control-wrap your-country\"><input type=\"text\" name=\"your-country\" value=\"\" size=\"40\" class=\"wpcf7-form-control wpcf7-text wpcf7-validates-as-required\" aria-required=\"true\" aria-invalid=\"false\" \/><\/span>\n<\/p>\n<p class=\"clearfix\">\n<label class=\"et_contact_form_label\">E-Mail<\/label><span class=\"wpcf7-form-control-wrap your-email\"><input type=\"email\" name=\"your-email\" value=\"\" size=\"40\" class=\"wpcf7-form-control wpcf7-text wpcf7-email wpcf7-validates-as-required wpcf7-validates-as-email\" aria-required=\"true\" aria-invalid=\"false\" \/><\/span>\n<\/p>\n<p class=\"clearfix\">\n<label class=\"et_contact_form_label\">Companhia de Seguros para a qual precisa a chave<\/label><span class=\"wpcf7-form-control-wrap your-company\"><input type=\"text\" name=\"your-company\" value=\"\" size=\"40\" class=\"wpcf7-form-control wpcf7-text wpcf7-validates-as-required\" aria-required=\"true\" aria-invalid=\"false\" \/><\/span>\n<\/p>\n<p class=\"clearfix\">\n<label class=\"et_contact_form_label\">Coment\u00e1rios<\/label><span class=\"wpcf7-form-control-wrap your-Comentarios\"><textarea name=\"your-Comentarios\" cols=\"40\" rows=\"10\" class=\"wpcf7-form-control wpcf7-textarea\" aria-invalid=\"false\"><\/textarea><\/span>\n<\/p>\n<p id=\"et_contact_submit\" class=\"et_contact_submit\"><input type=\"submit\" value=\"Enviar\" class=\"wpcf7-form-control wpcf7-submit\" \/><\/p>\n<\/div>\n<\/div>\n<div class=\"wpcf7-response-output\" aria-hidden=\"true\"><\/div><\/form><\/div><\/div>\n<p><\/p>","protected":false},"excerpt":{"rendered":"<p>Preencha o formul\u00e1rio abaixo para receber seu Nome de Usu\u00e1rio e Senha para acessar os servi\u00e7os de gest\u00e3o de relat\u00f3rios de Inspec\u00e7\u00e3o de IUSolutions.<\/p>\n","protected":false},"author":131,"featured_media":0,"parent":0,"menu_order":0,"comment_status":"closed","ping_status":"closed","template":"page-full.php","meta":[],"_links":{"self":[{"href":"http:\/\/testing.iusolutions.com\/pt\/wp-json\/wp\/v2\/pages\/8450"}],"collection":[{"href":"http:\/\/testing.iusolutions.com\/pt\/wp-json\/wp\/v2\/pages"}],"about":[{"href":"http:\/\/testing.iusolutions.com\/pt\/wp-json\/wp\/v2\/types\/page"}],"author":[{"embeddable":true,"href":"http:\/\/testing.iusolutions.com\/pt\/wp-json\/wp\/v2\/users\/131"}],"replies":[{"embeddable":true,"href":"http:\/\/testing.iusolutions.com\/pt\/wp-json\/wp\/v2\/comments?post=8450"}],"version-history":[{"count":15,"href":"http:\/\/testing.iusolutions.com\/pt\/wp-json\/wp\/v2\/pages\/8450\/revisions"}],"predecessor-version":[{"id":8468,"href":"http:\/\/testing.iusolutions.com\/pt\/wp-json\/wp\/v2\/pages\/8450\/revisions\/8468"}],"wp:attachment":[{"href":"http:\/\/testing.iusolutions.com\/pt\/wp-json\/wp\/v2\/media?parent=8450"}],"curies":[{"name":"wp","href":"https:\/\/api.w.org\/{rel}","templated":true}]}}